{"id":3,"date":"2023-05-10T06:15:15","date_gmt":"2023-05-10T06:15:15","guid":{"rendered":"http:\/\/www.islamiyazilimlar.com\/?page_id=3"},"modified":"2023-05-11T12:04:00","modified_gmt":"2023-05-11T12:04:00","slug":"privacy-policy","status":"publish","type":"page","link":"https:\/\/www.islamiyazilimlar.com\/en\/privacy-policy\/","title":{"rendered":"Privacy Policy"},"content":{"rendered":"<div data-elementor-type=\"wp-page\" data-elementor-id=\"3\" class=\"elementor elementor-3\">\n\t\t\t\t\t\t\t\t\t<section class=\"wd-negative-gap elementor-section elementor-top-section elementor-element elementor-element-c544869 elementor-section-boxed elementor-section-height-default elementor-section-height-default wd-section-disabled\" data-id=\"c544869\" data-element_type=\"section\">\n\t\t\t\t\t\t<div class=\"elementor-container elementor-column-gap-default\">\n\t\t\t\t\t<div class=\"elementor-column elementor-col-100 elementor-top-column elementor-element elementor-element-c2631e7\" data-id=\"c2631e7\" data-element_type=\"column\">\n\t\t\t<div class=\"elementor-widget-wrap elementor-element-populated\">\n\t\t\t\t\t\t\t\t<div class=\"elementor-element elementor-element-2bec8d3 color-scheme-inherit text-left elementor-widget elementor-widget-text-editor\" data-id=\"2bec8d3\" data-element_type=\"widget\" data-widget_type=\"text-editor.default\">\n\t\t\t\t<div class=\"elementor-widget-container\">\n\t\t\t<style>\/*! elementor - v3.16.0 - 17-10-2023 *\/\n.elementor-widget-text-editor.elementor-drop-cap-view-stacked .elementor-drop-cap{background-color:#69727d;color:#fff}.elementor-widget-text-editor.elementor-drop-cap-view-framed .elementor-drop-cap{color:#69727d;border:3px solid;background-color:transparent}.elementor-widget-text-editor:not(.elementor-drop-cap-view-default) .elementor-drop-cap{margin-top:8px}.elementor-widget-text-editor:not(.elementor-drop-cap-view-default) .elementor-drop-cap-letter{width:1em;height:1em}.elementor-widget-text-editor .elementor-drop-cap{float:left;text-align:center;line-height:1;font-size:50px}.elementor-widget-text-editor .elementor-drop-cap-letter{display:inline-block}<\/style>\t\t\t\t\u015eehit \u00c7etin G\u00f6rg\u00fc Sokak No:10\/5 06570 Maltepe-ANKARA located at the address of Goldsoft Yaz\u0131l\u0131m Bili\u015fim \u0130leti\u015fim Teknolojileri ve E\u011fitim Hiz. San.Tic.Ltd.\u015eti. will not use the personal information of users transmitted through www.goldsoft.com.tr (\u201cWebsite\u201d) for purposes other than the purposes and scope determined by the Privacy Policy, and will not share it with third parties without permission. . In addition, the user allows the sharing of the information he\/she shares with all Do\u011fu\u015f Holding affiliates for the purpose of offering special advantages and notification of all kinds of communication activities for sales, marketing and similar purposes. (For detailed information about Do\u011fu\u015f Holding subsidiaries; www.dogusgrubu.com.tr)\nPersonal information; It contains all kinds of personal information to identify the user directly or indirectly, such as name, surname, date of birth, home address, mobile and fixed phone number, e-mail address, and will be referred to as \"Confidential Information\" for short.\nGoldsoft Yaz\u0131l\u0131m may use personal information for profiling, statistical studies, advertising, promotion, marketing and other communication activities and may share it with third parties within your knowledge only for the purpose of carrying out these studies.\nGoldsoft Yaz\u0131l\u0131m undertakes to keep personal information strictly confidential, to consider it a confidentiality obligation, to ensure and maintain confidentiality, to take the necessary precautions and to show due diligence to prevent all or any part of confidential information from entering the public domain or unauthorized use or disclosure to a third party. is doing. Despite Goldsoft Yaz\u0131l\u0131m taking the necessary information security measures, Goldsoft Yaz\u0131l\u0131m will not be liable if confidential information is damaged or in the hands of third parties as a result of attacks on the website and system.\nGoldsoft Yaz\u0131l\u0131m can obtain information about users and users' use of the website by using a technical communication file (Cookie-Cookie). However, if users wish, they can change the browser settings so that the technical communication file does not arrive or a warning is given when the technical communication file is sent.\nUsers can always update their Membership\/Personal information and communication preferences by logging into the system. You can also send your requests in this regard by contacting us from the contact information on our website. Your request will be evaluated and implemented as soon as possible.\nIf you do not want to receive e-mails containing promotional and announcement messages from Goldsoft.com.tr, click the Update Information tab under the My Information heading on the My Account page. On the page that opens, uncheck the option \"I want to be notified of campaigns via e-mail\".\nEach User will be deemed to have accepted the terms of this Privacy Policy by visiting this Website.\t\t\t\t\t\t<\/div>\n\t\t\t\t<\/div>\n\t\t\t\t\t<\/div>\n\t\t<\/div>\n\t\t\t\t\t\t\t<\/div>\n\t\t<\/section>\n\t\t\t\t\t\t\t<\/div>","protected":false},"excerpt":{"rendered":"<p>\u015eehit \u00c7etin G\u00f6rg\u00fc Sokak No:10\/5 06570 Maltepe-ANKARA adresinde mukim Goldsoft Yaz\u0131l\u0131m Bilgi \u0130\u015flem \u0130leti\u015fim Teknolojileri ve E\u011fitim Hiz. San.Tic.Ltd.\u015eti., kullan\u0131c\u0131lar\u0131n<\/p>","protected":false},"author":1,"featured_media":0,"parent":0,"menu_order":0,"comment_status":"closed","ping_status":"open","template":"","meta":{"_joinchat":[],"footnotes":""},"class_list":["post-3","page","type-page","status-publish","hentry"],"aioseo_notices":[],"_links":{"self":[{"href":"https:\/\/www.islamiyazilimlar.com\/en\/wp-json\/wp\/v2\/pages\/3","targetHints":{"allow":["GET"]}}],"collection":[{"href":"https:\/\/www.islamiyazilimlar.com\/en\/wp-json\/wp\/v2\/pages"}],"about":[{"href":"https:\/\/www.islamiyazilimlar.com\/en\/wp-json\/wp\/v2\/types\/page"}],"author":[{"embeddable":true,"href":"https:\/\/www.islamiyazilimlar.com\/en\/wp-json\/wp\/v2\/users\/1"}],"replies":[{"embeddable":true,"href":"https:\/\/www.islamiyazilimlar.com\/en\/wp-json\/wp\/v2\/comments?post=3"}],"version-history":[{"count":0,"href":"https:\/\/www.islamiyazilimlar.com\/en\/wp-json\/wp\/v2\/pages\/3\/revisions"}],"wp:attachment":[{"href":"https:\/\/www.islamiyazilimlar.com\/en\/wp-json\/wp\/v2\/media?parent=3"}],"curies":[{"name":"wp","href":"https:\/\/api.w.org\/{rel}","templated":true}]}}