{"id":10456,"date":"2023-05-17T06:30:59","date_gmt":"2023-05-17T06:30:59","guid":{"rendered":"https:\/\/www.islamiyazilimlar.com\/?post_type=product&#038;p=10456"},"modified":"2024-03-15T11:44:03","modified_gmt":"2024-03-15T08:44:03","slug":"kuran-i-kerim-mobil","status":"publish","type":"product","link":"https:\/\/www.islamiyazilimlar.com\/en\/product\/kuran-i-kerim-mobil\/","title":{"rendered":"Kuran-\u0131 Kerim"},"content":{"rendered":"","protected":false},"excerpt":{"rendered":"<p>Kutsal kitab\u0131m\u0131z Kur&#8217;an-\u0131 Kerim hakk\u0131nda ne \u00f6\u011frenmek isterseniz her \u015fey bu uygulamada.<\/p>\n<p>&#8211; Elif-ba ile tecvidli kuran \u00f6\u011frenme \u015fans\u0131 yakalay\u0131n.<br \/>\n&#8211; Kuran da ayet aray\u0131n ve bulun.<br \/>\n&#8211; Ayetler hakk\u0131nda ayr\u0131nt\u0131l\u0131 meal ve tefsir bilgileri edinin.<br \/>\n&#8211; Dinimiz ile ilgili merak edilen bilgileri konu ba\u015fl\u0131klar\u0131 halinde g\u00f6r\u00fcnt\u00fcleyin ve cevaplar\u0131n\u0131z\u0131 al\u0131n.<br \/>\n&#8211; Bir\u00e7ok farkl\u0131 hoca sesleri ile Kur&#8217;an-\u0131 Kerimi dinleyin \u00f6\u011frenin.<\/p>","protected":false},"featured_media":10912,"comment_status":"open","ping_status":"closed","template":"","meta":{"_joinchat":[]},"product_cat":[340],"product_tag":[],"class_list":["post-10456","product","type-product","status-publish","has-post-thumbnail","hentry","product_cat-mobil-uygulamalar"],"aioseo_notices":[],"_links":{"self":[{"href":"https:\/\/www.islamiyazilimlar.com\/en\/wp-json\/wp\/v2\/product\/10456","targetHints":{"allow":["GET"]}}],"collection":[{"href":"https:\/\/www.islamiyazilimlar.com\/en\/wp-json\/wp\/v2\/product"}],"about":[{"href":"https:\/\/www.islamiyazilimlar.com\/en\/wp-json\/wp\/v2\/types\/product"}],"replies":[{"embeddable":true,"href":"https:\/\/www.islamiyazilimlar.com\/en\/wp-json\/wp\/v2\/comments?post=10456"}],"version-history":[{"count":0,"href":"https:\/\/www.islamiyazilimlar.com\/en\/wp-json\/wp\/v2\/product\/10456\/revisions"}],"wp:featuredmedia":[{"embeddable":true,"href":"https:\/\/www.islamiyazilimlar.com\/en\/wp-json\/wp\/v2\/media\/10912"}],"wp:attachment":[{"href":"https:\/\/www.islamiyazilimlar.com\/en\/wp-json\/wp\/v2\/media?parent=10456"}],"wp:term":[{"taxonomy":"product_cat","embeddable":true,"href":"https:\/\/www.islamiyazilimlar.com\/en\/wp-json\/wp\/v2\/product_cat?post=10456"},{"taxonomy":"product_tag","embeddable":true,"href":"https:\/\/www.islamiyazilimlar.com\/en\/wp-json\/wp\/v2\/product_tag?post=10456"}],"curies":[{"name":"wp","href":"https:\/\/api.w.org\/{rel}","templated":true}]}}