{"id":10459,"date":"2023-05-17T06:33:06","date_gmt":"2023-05-17T06:33:06","guid":{"rendered":"https:\/\/www.islamiyazilimlar.com\/?post_type=product&#038;p=10459"},"modified":"2024-03-15T14:47:44","modified_gmt":"2024-03-15T11:47:44","slug":"sureler-dualar-cevsen-mobil","status":"publish","type":"product","link":"https:\/\/www.islamiyazilimlar.com\/en\/product\/sureler-dualar-cevsen-mobil\/","title":{"rendered":"Sureler Dualar Cev\u015fen"},"content":{"rendered":"","protected":false},"excerpt":{"rendered":"<p>Bu uygulama ile,<br \/>\n&#8211; Namazda okunan k\u0131sa sureler-dualar\u0131 ok takipli ve sesli videolar ile izleyebilirsiniz.<br \/>\n&#8211; Dua etmenin \u00f6nemi, nas\u0131l dua edilmeli, peygamber efendimiz (SAV) in dilinden dualar hakk\u0131nda bilgi sahibi olabileceksiniz.<br \/>\n&#8211; Rabbimi \u00e7ok seviyorum b\u00f6l\u00fcm\u00fc ile Rabbimizin bizi ne kadar sevdi\u011fi, Rabbimizin isimleri, her \u015feyi yaratan yarat\u0131c\u0131n\u0131n Rabbimiz oldu\u011fu, Rabbimizin her \u015feye g\u00fcc\u00fc yetti\u011fi konular\u0131 ve daha fazlas\u0131 bilgilendirici ve e\u011fitici videolar ile uygulamada mevcuttur.<br \/>\n&#8211; Cev\u015fen dualar\u0131 b\u00f6l\u00fcm\u00fc ile yeni dualar ve bilgiler i\u00e7eren videolar izleyebileceksiniz.<\/p>","protected":false},"featured_media":10921,"comment_status":"open","ping_status":"closed","template":"","meta":{"_joinchat":[]},"product_cat":[340],"product_tag":[],"class_list":["post-10459","product","type-product","status-publish","has-post-thumbnail","hentry","product_cat-mobil-uygulamalar"],"aioseo_notices":[],"_links":{"self":[{"href":"https:\/\/www.islamiyazilimlar.com\/en\/wp-json\/wp\/v2\/product\/10459","targetHints":{"allow":["GET"]}}],"collection":[{"href":"https:\/\/www.islamiyazilimlar.com\/en\/wp-json\/wp\/v2\/product"}],"about":[{"href":"https:\/\/www.islamiyazilimlar.com\/en\/wp-json\/wp\/v2\/types\/product"}],"replies":[{"embeddable":true,"href":"https:\/\/www.islamiyazilimlar.com\/en\/wp-json\/wp\/v2\/comments?post=10459"}],"version-history":[{"count":0,"href":"https:\/\/www.islamiyazilimlar.com\/en\/wp-json\/wp\/v2\/product\/10459\/revisions"}],"wp:featuredmedia":[{"embeddable":true,"href":"https:\/\/www.islamiyazilimlar.com\/en\/wp-json\/wp\/v2\/media\/10921"}],"wp:attachment":[{"href":"https:\/\/www.islamiyazilimlar.com\/en\/wp-json\/wp\/v2\/media?parent=10459"}],"wp:term":[{"taxonomy":"product_cat","embeddable":true,"href":"https:\/\/www.islamiyazilimlar.com\/en\/wp-json\/wp\/v2\/product_cat?post=10459"},{"taxonomy":"product_tag","embeddable":true,"href":"https:\/\/www.islamiyazilimlar.com\/en\/wp-json\/wp\/v2\/product_tag?post=10459"}],"curies":[{"name":"wp","href":"https:\/\/api.w.org\/{rel}","templated":true}]}}