{"id":10462,"date":"2023-05-17T06:35:00","date_gmt":"2023-05-17T06:35:00","guid":{"rendered":"https:\/\/www.islamiyazilimlar.com\/?post_type=product&#038;p=10462"},"modified":"2024-03-15T11:30:25","modified_gmt":"2024-03-15T08:30:25","slug":"dini-kitaplar-kutuphanesi-mobil","status":"publish","type":"product","link":"https:\/\/www.islamiyazilimlar.com\/en\/product\/dini-kitaplar-kutuphanesi-mobil\/","title":{"rendered":"Dini Kitaplar K\u00fct\u00fcphanesi"},"content":{"rendered":"","protected":false},"excerpt":{"rendered":"<p>Aramay\u0131 sonland\u0131rabilirsiniz. Bu k\u00fct\u00fcphanede dini bilgi olarak arad\u0131klar\u0131n\u0131z\u0131 bulabileceksiniz.<\/p>\n<p>-Dua kitab\u0131 ile, dua etmenin \u00f6nemi, nas\u0131l dua edilir, dua \u00f6rnekleri nelerdir gibi sorular\u0131n cevab\u0131n\u0131 bulabileceksiniz.<br \/>\n-Peygamber efendimiz (SAV) &#8216;in ya\u015fam\u0131, arkada\u015flar\u0131, \u00e7ocuklar ile ileti\u015fimi gibi bilgilerin yan\u0131nda di\u011fer peygamberler &#8216;in ya\u015famlar\u0131 hakk\u0131nda da bilgi sahibi olabileceksiniz.<br \/>\n-ElifBa ve Tecvid kitab\u0131 ile, Kur&#8217;an-\u0131 Kerim okumaya ad\u0131m ad\u0131m ilerleyebileceksiniz.<br \/>\n&#8211; Sureler ve dualar kitab\u0131 ile, hem namazda okunan sureleri \u00f6\u011frenebilecek hem de namazdan sonra okunan sureler ve dualar hakk\u0131nda bilgi sahibi olabileceksiniz.<br \/>\n-Masallar ve hikayeler kitaplar\u0131 ile e\u011flenceli ve ilgin\u00e7 anlar ya\u015fayabileceksiniz.<br \/>\n-Hac kitab\u0131 ile, hac i\u00e7in haz\u0131rl\u0131kta yap\u0131lmas\u0131 gerekenler, hac vazifesinin nas\u0131l yap\u0131ld\u0131\u011f\u0131, kurallar ve gereklilikleri hakk\u0131nda bilgi sahibi olabileceksiniz.<br \/>\n-Namaz hocas\u0131 kitab\u0131 ile, abdest ve gus\u00fcl \u00fcn farzlar\u0131, abdest in al\u0131n\u0131\u015f\u0131, namaz &#8216;\u0131n farzlar\u0131 ve camii hakk\u0131nda bilgiler edinebileceksiniz.<br \/>\n-Ramazan geldi oru\u00e7 geldi kitab\u0131 ile, ramazan ay\u0131 hakk\u0131nda t\u00fcm bilgiler ve \u00f6nemli geceler hakk\u0131nda bilgi sahibi olabileceksiniz.<\/p>\n<p>\u0130yi okumalar.<\/p>","protected":false},"featured_media":10907,"comment_status":"open","ping_status":"closed","template":"","meta":{"_joinchat":[]},"product_cat":[340],"product_tag":[],"class_list":["post-10462","product","type-product","status-publish","has-post-thumbnail","hentry","product_cat-mobil-uygulamalar"],"aioseo_notices":[],"_links":{"self":[{"href":"https:\/\/www.islamiyazilimlar.com\/en\/wp-json\/wp\/v2\/product\/10462","targetHints":{"allow":["GET"]}}],"collection":[{"href":"https:\/\/www.islamiyazilimlar.com\/en\/wp-json\/wp\/v2\/product"}],"about":[{"href":"https:\/\/www.islamiyazilimlar.com\/en\/wp-json\/wp\/v2\/types\/product"}],"replies":[{"embeddable":true,"href":"https:\/\/www.islamiyazilimlar.com\/en\/wp-json\/wp\/v2\/comments?post=10462"}],"version-history":[{"count":0,"href":"https:\/\/www.islamiyazilimlar.com\/en\/wp-json\/wp\/v2\/product\/10462\/revisions"}],"wp:featuredmedia":[{"embeddable":true,"href":"https:\/\/www.islamiyazilimlar.com\/en\/wp-json\/wp\/v2\/media\/10907"}],"wp:attachment":[{"href":"https:\/\/www.islamiyazilimlar.com\/en\/wp-json\/wp\/v2\/media?parent=10462"}],"wp:term":[{"taxonomy":"product_cat","embeddable":true,"href":"https:\/\/www.islamiyazilimlar.com\/en\/wp-json\/wp\/v2\/product_cat?post=10462"},{"taxonomy":"product_tag","embeddable":true,"href":"https:\/\/www.islamiyazilimlar.com\/en\/wp-json\/wp\/v2\/product_tag?post=10462"}],"curies":[{"name":"wp","href":"https:\/\/api.w.org\/{rel}","templated":true}]}}