{"id":10464,"date":"2023-05-17T06:36:16","date_gmt":"2023-05-17T06:36:16","guid":{"rendered":"https:\/\/www.islamiyazilimlar.com\/?post_type=product&#038;p=10464"},"modified":"2024-03-15T13:57:11","modified_gmt":"2024-03-15T10:57:11","slug":"ramazan-oruc-imsakiye-mobil","status":"publish","type":"product","link":"https:\/\/www.islamiyazilimlar.com\/en\/product\/ramazan-oruc-imsakiye-mobil\/","title":{"rendered":"Ramazan Oru\u00e7 \u0130msakiye"},"content":{"rendered":"","protected":false},"excerpt":{"rendered":"<p>Animasyonlar ile zenginle\u015ftirilmi\u015f Ramazan Rehberi ile Oru\u00e7 ve \u0130msakiye hakk\u0131nda her \u015feyi \u00f6\u011frenebilirsiniz.<br \/>\nRamazan Ay\u0131 ile ilgili her \u015feye bu uygulama ile ula\u015fabilirsiniz. Oru\u00e7 hakk\u0131nda bilgiler, Ramazan hakk\u0131nda genel bilgiler, Peygamberimiz ve Ramazan b\u00f6l\u00fcmleri ile akl\u0131n\u0131zdaki sorulara cevap bulabilirsiniz.<br \/>\n&#8211; Kur&#8217;an Ay\u0131 Ramazan<br \/>\n&#8211; Oru\u00e7 Tut S\u0131hhat<br \/>\n&#8211; Sahura Kalk\u0131yoruz<br \/>\n&#8211; \u0130ftar Ediyoruz<br \/>\n&#8211; Orucum Bozuldu mu?<br \/>\n&#8211; Peygamberimiz ve Ramazan<\/p>","protected":false},"featured_media":10917,"comment_status":"open","ping_status":"closed","template":"","meta":{"_joinchat":[]},"product_cat":[340],"product_tag":[],"class_list":["post-10464","product","type-product","status-publish","has-post-thumbnail","hentry","product_cat-mobil-uygulamalar"],"aioseo_notices":[],"_links":{"self":[{"href":"https:\/\/www.islamiyazilimlar.com\/en\/wp-json\/wp\/v2\/product\/10464","targetHints":{"allow":["GET"]}}],"collection":[{"href":"https:\/\/www.islamiyazilimlar.com\/en\/wp-json\/wp\/v2\/product"}],"about":[{"href":"https:\/\/www.islamiyazilimlar.com\/en\/wp-json\/wp\/v2\/types\/product"}],"replies":[{"embeddable":true,"href":"https:\/\/www.islamiyazilimlar.com\/en\/wp-json\/wp\/v2\/comments?post=10464"}],"version-history":[{"count":0,"href":"https:\/\/www.islamiyazilimlar.com\/en\/wp-json\/wp\/v2\/product\/10464\/revisions"}],"wp:featuredmedia":[{"embeddable":true,"href":"https:\/\/www.islamiyazilimlar.com\/en\/wp-json\/wp\/v2\/media\/10917"}],"wp:attachment":[{"href":"https:\/\/www.islamiyazilimlar.com\/en\/wp-json\/wp\/v2\/media?parent=10464"}],"wp:term":[{"taxonomy":"product_cat","embeddable":true,"href":"https:\/\/www.islamiyazilimlar.com\/en\/wp-json\/wp\/v2\/product_cat?post=10464"},{"taxonomy":"product_tag","embeddable":true,"href":"https:\/\/www.islamiyazilimlar.com\/en\/wp-json\/wp\/v2\/product_tag?post=10464"}],"curies":[{"name":"wp","href":"https:\/\/api.w.org\/{rel}","templated":true}]}}