{"id":10475,"date":"2023-05-17T06:42:01","date_gmt":"2023-05-17T06:42:01","guid":{"rendered":"https:\/\/www.islamiyazilimlar.com\/?post_type=product&#038;p=10475"},"modified":"2024-03-15T11:36:39","modified_gmt":"2024-03-15T08:36:39","slug":"elifba-tecvid-ile-kuran-ogren-mobil","status":"publish","type":"product","link":"https:\/\/www.islamiyazilimlar.com\/en\/product\/elifba-tecvid-ile-kuran-ogren-mobil\/","title":{"rendered":"ElifBa Tecvid ile Kuran \u00d6\u011fren"},"content":{"rendered":"","protected":false},"excerpt":{"rendered":"<p>Video anlat\u0131ml\u0131, resimli ve sesli Elifba ve Tecvid Dersleri ile Kur&#8217;an okumay\u0131 \u00f6\u011frenin.<br \/>\nKuran okumay\u0131 \u00f6\u011frenmek i\u00e7in gerekli elif-ba dersleri, tecvid kurallar\u0131 ve \u00f6rnekler bulunmaktad\u0131r. S\u0131nav b\u00f6l\u00fcm\u00fc ile eksik oldu\u011funuz konular\u0131 tespit edip buralar\u0131 tekrarlayabilirsiniz.<\/p>\n<p>&#8211; Kuran okumay\u0131 \u00f6\u011frenmek istiyorsan\u0131z harika bir Elif Ba uygulamas\u0131. Bu program ile hem ElifBa hem de Tecvid \u00f6\u011frenerek daha g\u00fczel Kuran okuyabilirsiniz.<br \/>\n&#8211; Birbirinden farkl\u0131 \u00f6rnekler ile elif ba \u00f6\u011frenin, tecvid ile daha g\u00fczel Kuran okuyun.<\/p>\n<p>17 b\u00f6l\u00fcmden olu\u015fan ElifBa Dersleri; Harfler, Harflerin Mahre\u00e7leri, Harflerin Yaz\u0131l\u0131\u015flar\u0131, \u00dcst\u00fcn, Esre, \u00d6tre, Cezm, \u015eedde, Tenvin, Med Harfleri, \u00c7eker, Elif Lam&#8217;\u0131n Okunu\u015fu, Duru\u015f \u015eekilleri, Huruf-u Mukatta&#8217;a, Allah Kelimesinin Okunu\u015fu, Say\u0131lar, \u0130\u015faretler.<br \/>\n19 b\u00f6l\u00fcmden olu\u015fan Tecvid Dersleri ile Kur&#8217;an okumay\u0131 \u00f6\u011frenin.<\/p>","protected":false},"featured_media":10908,"comment_status":"open","ping_status":"closed","template":"","meta":{"_joinchat":[]},"product_cat":[340],"product_tag":[],"class_list":["post-10475","product","type-product","status-publish","has-post-thumbnail","hentry","product_cat-mobil-uygulamalar"],"aioseo_notices":[],"_links":{"self":[{"href":"https:\/\/www.islamiyazilimlar.com\/en\/wp-json\/wp\/v2\/product\/10475","targetHints":{"allow":["GET"]}}],"collection":[{"href":"https:\/\/www.islamiyazilimlar.com\/en\/wp-json\/wp\/v2\/product"}],"about":[{"href":"https:\/\/www.islamiyazilimlar.com\/en\/wp-json\/wp\/v2\/types\/product"}],"replies":[{"embeddable":true,"href":"https:\/\/www.islamiyazilimlar.com\/en\/wp-json\/wp\/v2\/comments?post=10475"}],"version-history":[{"count":0,"href":"https:\/\/www.islamiyazilimlar.com\/en\/wp-json\/wp\/v2\/product\/10475\/revisions"}],"wp:featuredmedia":[{"embeddable":true,"href":"https:\/\/www.islamiyazilimlar.com\/en\/wp-json\/wp\/v2\/media\/10908"}],"wp:attachment":[{"href":"https:\/\/www.islamiyazilimlar.com\/en\/wp-json\/wp\/v2\/media?parent=10475"}],"wp:term":[{"taxonomy":"product_cat","embeddable":true,"href":"https:\/\/www.islamiyazilimlar.com\/en\/wp-json\/wp\/v2\/product_cat?post=10475"},{"taxonomy":"product_tag","embeddable":true,"href":"https:\/\/www.islamiyazilimlar.com\/en\/wp-json\/wp\/v2\/product_tag?post=10475"}],"curies":[{"name":"wp","href":"https:\/\/api.w.org\/{rel}","templated":true}]}}