{"id":10478,"date":"2023-05-17T06:43:22","date_gmt":"2023-05-17T06:43:22","guid":{"rendered":"https:\/\/www.islamiyazilimlar.com\/?post_type=product&#038;p=10478"},"modified":"2024-11-09T12:02:50","modified_gmt":"2024-11-09T09:02:50","slug":"kids-park-mobil","status":"publish","type":"product","link":"https:\/\/www.islamiyazilimlar.com\/en\/product\/kids-park-mobil\/","title":{"rendered":"KidsPark Mobil"},"content":{"rendered":"","protected":false},"excerpt":{"rendered":"<p>Birbirinden harika tam 32 tane oyun!<br \/>\nHem e\u011flenceli hem \u00f6\u011fretici oyunlar\u0131n bulundu\u011fu harika bir uygulama.<br \/>\nMuhte\u015fem oyunlar\u0131n bulundu\u011fu bu uygulama i\u00e7erisinde birbirinden farkl\u0131 t\u00fcrde oyunlar var;<br \/>\n&#8211; Zeka Oyunlar\u0131<br \/>\n&#8211; Bulmaca Oyunlar\u0131<br \/>\n&#8211; Boyama Oyunlar\u0131<br \/>\n&#8211; Kelime Oyunlar\u0131<br \/>\n&#8211; Aksiyon Oyunlar\u0131<br \/>\n&#8211; Macera Oyunlar\u0131<br \/>\n&#8211; Yar\u0131\u015f Oyunlar\u0131<br \/>\n\u0130\u00e7erisinde Tam 32 Tane Oyun var. Hepsi de birbirinden e\u011flenceli ve \u00f6\u011fretici.<\/p>\n<p>Uygulama \u00d6zellikleri:<br \/>\n&#8211; \u00c7ok basit, e\u011flenceli oynan\u0131\u015f<br \/>\n&#8211; Herkes oynayabilir<br \/>\n&#8211; Oyunlar tamamen \u00fccretsiz<br \/>\n&#8211; 32 tane farkl\u0131 oyun var<br \/>\n&#8211; Spor, bulmaca, zeka, yar\u0131\u015f, macera, aksiyon, boyama gibi her t\u00fcrden oyun<br \/>\n&#8211; 3D veya 2D oyunlar<\/p>","protected":false},"featured_media":10910,"comment_status":"open","ping_status":"closed","template":"","meta":{"_joinchat":[]},"product_cat":[340],"product_tag":[],"class_list":["post-10478","product","type-product","status-publish","has-post-thumbnail","hentry","product_cat-mobil-uygulamalar"],"aioseo_notices":[],"_links":{"self":[{"href":"https:\/\/www.islamiyazilimlar.com\/en\/wp-json\/wp\/v2\/product\/10478","targetHints":{"allow":["GET"]}}],"collection":[{"href":"https:\/\/www.islamiyazilimlar.com\/en\/wp-json\/wp\/v2\/product"}],"about":[{"href":"https:\/\/www.islamiyazilimlar.com\/en\/wp-json\/wp\/v2\/types\/product"}],"replies":[{"embeddable":true,"href":"https:\/\/www.islamiyazilimlar.com\/en\/wp-json\/wp\/v2\/comments?post=10478"}],"version-history":[{"count":2,"href":"https:\/\/www.islamiyazilimlar.com\/en\/wp-json\/wp\/v2\/product\/10478\/revisions"}],"predecessor-version":[{"id":11727,"href":"https:\/\/www.islamiyazilimlar.com\/en\/wp-json\/wp\/v2\/product\/10478\/revisions\/11727"}],"wp:featuredmedia":[{"embeddable":true,"href":"https:\/\/www.islamiyazilimlar.com\/en\/wp-json\/wp\/v2\/media\/10910"}],"wp:attachment":[{"href":"https:\/\/www.islamiyazilimlar.com\/en\/wp-json\/wp\/v2\/media?parent=10478"}],"wp:term":[{"taxonomy":"product_cat","embeddable":true,"href":"https:\/\/www.islamiyazilimlar.com\/en\/wp-json\/wp\/v2\/product_cat?post=10478"},{"taxonomy":"product_tag","embeddable":true,"href":"https:\/\/www.islamiyazilimlar.com\/en\/wp-json\/wp\/v2\/product_tag?post=10478"}],"curies":[{"name":"wp","href":"https:\/\/api.w.org\/{rel}","templated":true}]}}