{"id":10886,"date":"2023-07-28T06:24:07","date_gmt":"2023-07-28T06:24:07","guid":{"rendered":"https:\/\/www.islamiyazilimlar.com\/?post_type=product&#038;p=10886"},"modified":"2024-03-15T11:46:23","modified_gmt":"2024-03-15T08:46:23","slug":"kutub-i-sitte","status":"publish","type":"product","link":"https:\/\/www.islamiyazilimlar.com\/en\/product\/kutub-i-sitte\/","title":{"rendered":"K\u00fct\u00fcb-i Sitte"},"content":{"rendered":"","protected":false},"excerpt":{"rendered":"<p>Uygulamam\u0131zda K\u00fct\u00fcb-i Sitte, Hadis \u0130lmi ve Usul\u00fc, Se\u00e7me Hadisler ve Hadis Ansiklopedisi olmak \u00fczere 4 farkl\u0131 b\u00f6l\u00fcm bulunmaktad\u0131r.<\/p>\n<p>K\u00fct\u00fcb-i Sitte: \u0130man ve islam hakk\u0131nda ayr\u0131nt\u0131l\u0131 bilgiler, Kur&#8217;an-\u0131 Kerim ve Hadisler ile ilgili bilgiler, Peygamber Efendimiz (sav) ve Ash\u00e2b-\u0131 Kir\u00e2m &#8216;\u0131n ba\u015flar\u0131ndan ge\u00e7en olaylarda uygulad\u0131klar\u0131 \u00e7\u00f6z\u00fcm ve s\u00f6yledikleri s\u00f6zler,<\/p>\n<p>Hadis \u0130lmi ve Usul\u00fc: Hadis nedir, Hadis ilmi neden gereklidir, Hadis usul\u00fc nas\u0131l olmal\u0131d\u0131r, Hadislerin hayatlar\u0131m\u0131zda kaplamas\u0131 gereken yerler nelerdir sorular\u0131na yan\u0131tlar,<\/p>\n<p>Hadis Ansiklopedisi: Hadislerin hepsinin yaz\u0131l\u0131 ve kategorili olarak g\u00f6r\u00fcnt\u00fcleyebilece\u011finiz Ebook format\u0131<\/p>\n<p>Uygulamam\u0131zda sizlerle olacakt\u0131r.<\/p>","protected":false},"featured_media":10913,"comment_status":"open","ping_status":"closed","template":"","meta":{"_joinchat":[]},"product_cat":[340],"product_tag":[],"class_list":["post-10886","product","type-product","status-publish","has-post-thumbnail","hentry","product_cat-mobil-uygulamalar"],"aioseo_notices":[],"_links":{"self":[{"href":"https:\/\/www.islamiyazilimlar.com\/en\/wp-json\/wp\/v2\/product\/10886","targetHints":{"allow":["GET"]}}],"collection":[{"href":"https:\/\/www.islamiyazilimlar.com\/en\/wp-json\/wp\/v2\/product"}],"about":[{"href":"https:\/\/www.islamiyazilimlar.com\/en\/wp-json\/wp\/v2\/types\/product"}],"replies":[{"embeddable":true,"href":"https:\/\/www.islamiyazilimlar.com\/en\/wp-json\/wp\/v2\/comments?post=10886"}],"version-history":[{"count":0,"href":"https:\/\/www.islamiyazilimlar.com\/en\/wp-json\/wp\/v2\/product\/10886\/revisions"}],"wp:featuredmedia":[{"embeddable":true,"href":"https:\/\/www.islamiyazilimlar.com\/en\/wp-json\/wp\/v2\/media\/10913"}],"wp:attachment":[{"href":"https:\/\/www.islamiyazilimlar.com\/en\/wp-json\/wp\/v2\/media?parent=10886"}],"wp:term":[{"taxonomy":"product_cat","embeddable":true,"href":"https:\/\/www.islamiyazilimlar.com\/en\/wp-json\/wp\/v2\/product_cat?post=10886"},{"taxonomy":"product_tag","embeddable":true,"href":"https:\/\/www.islamiyazilimlar.com\/en\/wp-json\/wp\/v2\/product_tag?post=10886"}],"curies":[{"name":"wp","href":"https:\/\/api.w.org\/{rel}","templated":true}]}}